{"id":10754,"date":"2025-02-05T10:01:23","date_gmt":"2025-02-05T09:01:23","guid":{"rendered":"https:\/\/www.sams-industrie.fr\/product\/clavette-dexcentrique-reference\/"},"modified":"2025-02-19T12:02:43","modified_gmt":"2025-02-19T11:02:43","slug":"clavette-dexcentrique-reference","status":"publish","type":"product","link":"https:\/\/www.sams-industrie.fr\/en\/product\/clavette-dexcentrique-reference\/","title":{"rendered":"Eccentric key<br> Reference GD-001-573"},"content":{"rendered":"","protected":false},"excerpt":{"rendered":"<p>RAPIDEX Agrafeuse<br \/> R\u00e9f\u00e9rence constructeur : GD-001-573<br \/> R\u00e9f\u00e9rences \u00e9quivalentes : GD001573 \/ MGD001573 \/ RAPGD001573<\/p>","protected":false},"featured_media":0,"comment_status":"open","ping_status":"closed","template":"","meta":[],"_links":{"self":[{"href":"https:\/\/www.sams-industrie.fr\/en\/wp-json\/wp\/v2\/product\/10754"}],"collection":[{"href":"https:\/\/www.sams-industrie.fr\/en\/wp-json\/wp\/v2\/product"}],"about":[{"href":"https:\/\/www.sams-industrie.fr\/en\/wp-json\/wp\/v2\/types\/product"}],"replies":[{"embeddable":true,"href":"https:\/\/www.sams-industrie.fr\/en\/wp-json\/wp\/v2\/comments?post=10754"}],"wp:attachment":[{"href":"https:\/\/www.sams-industrie.fr\/en\/wp-json\/wp\/v2\/media?parent=10754"}],"curies":[{"name":"wp","href":"https:\/\/api.w.org\/{rel}","templated":true}]}}