{"id":10751,"date":"2025-02-05T10:01:22","date_gmt":"2025-02-05T09:01:22","guid":{"rendered":"https:\/\/www.sams-industrie.fr\/product\/masse-dequilibrage-dexcentrique-reference\/"},"modified":"2025-02-19T12:02:41","modified_gmt":"2025-02-19T11:02:41","slug":"masse-dequilibrage-dexcentrique-reference","status":"publish","type":"product","link":"https:\/\/www.sams-industrie.fr\/en\/product\/masse-dequilibrage-dexcentrique-reference\/","title":{"rendered":"Eccentric balancing mass<br> Reference GD-001-385"},"content":{"rendered":"","protected":false},"excerpt":{"rendered":"<p>RAPIDEX Agrafeuse<br \/> R\u00e9f\u00e9rence constructeur : GD-001-385<br \/> R\u00e9f\u00e9rences \u00e9quivalentes : GD001385 \/ MGD001385 \/ RAPGD001385<\/p>","protected":false},"featured_media":0,"comment_status":"open","ping_status":"closed","template":"","meta":[],"_links":{"self":[{"href":"https:\/\/www.sams-industrie.fr\/en\/wp-json\/wp\/v2\/product\/10751"}],"collection":[{"href":"https:\/\/www.sams-industrie.fr\/en\/wp-json\/wp\/v2\/product"}],"about":[{"href":"https:\/\/www.sams-industrie.fr\/en\/wp-json\/wp\/v2\/types\/product"}],"replies":[{"embeddable":true,"href":"https:\/\/www.sams-industrie.fr\/en\/wp-json\/wp\/v2\/comments?post=10751"}],"wp:attachment":[{"href":"https:\/\/www.sams-industrie.fr\/en\/wp-json\/wp\/v2\/media?parent=10751"}],"curies":[{"name":"wp","href":"https:\/\/api.w.org\/{rel}","templated":true}]}}