{"id":10750,"date":"2025-02-05T10:01:21","date_gmt":"2025-02-05T09:01:21","guid":{"rendered":"https:\/\/www.sams-industrie.fr\/product\/rondelle-dexcentrique-reference\/"},"modified":"2025-02-19T12:02:40","modified_gmt":"2025-02-19T11:02:40","slug":"rondelle-dexcentrique-reference","status":"publish","type":"product","link":"https:\/\/www.sams-industrie.fr\/en\/product\/rondelle-dexcentrique-reference\/","title":{"rendered":"Eccentric washer<br> Reference GD-001-368"},"content":{"rendered":"","protected":false},"excerpt":{"rendered":"<p>RAPIDEX Agrafeuse<br \/> R\u00e9f\u00e9rence constructeur : GD-001-368<br \/> R\u00e9f\u00e9rences \u00e9quivalentes : GD001368 \/ MGD001368 \/ RAPGD001368<\/p>","protected":false},"featured_media":0,"comment_status":"open","ping_status":"closed","template":"","meta":[],"_links":{"self":[{"href":"https:\/\/www.sams-industrie.fr\/en\/wp-json\/wp\/v2\/product\/10750"}],"collection":[{"href":"https:\/\/www.sams-industrie.fr\/en\/wp-json\/wp\/v2\/product"}],"about":[{"href":"https:\/\/www.sams-industrie.fr\/en\/wp-json\/wp\/v2\/types\/product"}],"replies":[{"embeddable":true,"href":"https:\/\/www.sams-industrie.fr\/en\/wp-json\/wp\/v2\/comments?post=10750"}],"wp:attachment":[{"href":"https:\/\/www.sams-industrie.fr\/en\/wp-json\/wp\/v2\/media?parent=10750"}],"curies":[{"name":"wp","href":"https:\/\/api.w.org\/{rel}","templated":true}]}}