{"id":10748,"date":"2025-02-05T10:01:20","date_gmt":"2025-02-05T09:01:20","guid":{"rendered":"https:\/\/www.sams-industrie.fr\/product\/rondelle-de-balancier-reference\/"},"modified":"2025-02-19T12:02:39","modified_gmt":"2025-02-19T11:02:39","slug":"rondelle-de-balancier-reference","status":"publish","type":"product","link":"https:\/\/www.sams-industrie.fr\/en\/product\/rondelle-de-balancier-reference\/","title":{"rendered":"Balance washer<br> Reference WB-014-014"},"content":{"rendered":"","protected":false},"excerpt":{"rendered":"<p>RAPIDEX Agrafeuse<br \/> R\u00e9f\u00e9rence constructeur : WB-014-014<br \/> R\u00e9f\u00e9rences \u00e9quivalentes : WB014014 \/ MWB014014 \/ RAPWB014014<\/p>","protected":false},"featured_media":0,"comment_status":"open","ping_status":"closed","template":"","meta":[],"_links":{"self":[{"href":"https:\/\/www.sams-industrie.fr\/en\/wp-json\/wp\/v2\/product\/10748"}],"collection":[{"href":"https:\/\/www.sams-industrie.fr\/en\/wp-json\/wp\/v2\/product"}],"about":[{"href":"https:\/\/www.sams-industrie.fr\/en\/wp-json\/wp\/v2\/types\/product"}],"replies":[{"embeddable":true,"href":"https:\/\/www.sams-industrie.fr\/en\/wp-json\/wp\/v2\/comments?post=10748"}],"wp:attachment":[{"href":"https:\/\/www.sams-industrie.fr\/en\/wp-json\/wp\/v2\/media?parent=10748"}],"curies":[{"name":"wp","href":"https:\/\/api.w.org\/{rel}","templated":true}]}}