{"id":10747,"date":"2025-02-05T10:01:19","date_gmt":"2025-02-05T09:01:19","guid":{"rendered":"https:\/\/www.sams-industrie.fr\/product\/palier-de-balancier-reference\/"},"modified":"2025-02-19T12:02:38","modified_gmt":"2025-02-19T11:02:38","slug":"palier-de-balancier-reference","status":"publish","type":"product","link":"https:\/\/www.sams-industrie.fr\/en\/product\/palier-de-balancier-reference\/","title":{"rendered":"Balance wheel bearing<br> Reference WB-014-011"},"content":{"rendered":"","protected":false},"excerpt":{"rendered":"<p>RAPIDEX Agrafeuse<br \/> R\u00e9f\u00e9rence constructeur : WB-014-011<br \/> R\u00e9f\u00e9rences \u00e9quivalentes : WB014011 \/ MWB014011 \/ RAPWB014011<\/p>","protected":false},"featured_media":0,"comment_status":"open","ping_status":"closed","template":"","meta":[],"_links":{"self":[{"href":"https:\/\/www.sams-industrie.fr\/en\/wp-json\/wp\/v2\/product\/10747"}],"collection":[{"href":"https:\/\/www.sams-industrie.fr\/en\/wp-json\/wp\/v2\/product"}],"about":[{"href":"https:\/\/www.sams-industrie.fr\/en\/wp-json\/wp\/v2\/types\/product"}],"replies":[{"embeddable":true,"href":"https:\/\/www.sams-industrie.fr\/en\/wp-json\/wp\/v2\/comments?post=10747"}],"wp:attachment":[{"href":"https:\/\/www.sams-industrie.fr\/en\/wp-json\/wp\/v2\/media?parent=10747"}],"curies":[{"name":"wp","href":"https:\/\/api.w.org\/{rel}","templated":true}]}}