{"id":10746,"date":"2025-02-05T10:01:18","date_gmt":"2025-02-05T09:01:18","guid":{"rendered":"https:\/\/www.sams-industrie.fr\/product\/axe-de-balancier-reference\/"},"modified":"2025-02-19T12:02:37","modified_gmt":"2025-02-19T11:02:37","slug":"axe-de-balancier-reference","status":"publish","type":"product","link":"https:\/\/www.sams-industrie.fr\/en\/product\/axe-de-balancier-reference\/","title":{"rendered":"Balance shaft<br> Reference WB-014-012"},"content":{"rendered":"","protected":false},"excerpt":{"rendered":"<p>RAPIDEX Agrafeuse<br \/> R\u00e9f\u00e9rence constructeur : WB-014-012<br \/> R\u00e9f\u00e9rences \u00e9quivalentes : WB014012 \/ MWB014012 \/ RAPWB014012<\/p>","protected":false},"featured_media":0,"comment_status":"open","ping_status":"closed","template":"","meta":[],"_links":{"self":[{"href":"https:\/\/www.sams-industrie.fr\/en\/wp-json\/wp\/v2\/product\/10746"}],"collection":[{"href":"https:\/\/www.sams-industrie.fr\/en\/wp-json\/wp\/v2\/product"}],"about":[{"href":"https:\/\/www.sams-industrie.fr\/en\/wp-json\/wp\/v2\/types\/product"}],"replies":[{"embeddable":true,"href":"https:\/\/www.sams-industrie.fr\/en\/wp-json\/wp\/v2\/comments?post=10746"}],"wp:attachment":[{"href":"https:\/\/www.sams-industrie.fr\/en\/wp-json\/wp\/v2\/media?parent=10746"}],"curies":[{"name":"wp","href":"https:\/\/api.w.org\/{rel}","templated":true}]}}