{"id":10745,"date":"2025-02-05T10:01:18","date_gmt":"2025-02-05T09:01:18","guid":{"rendered":"https:\/\/www.sams-industrie.fr\/product\/biellette-reference\/"},"modified":"2025-02-19T12:02:37","modified_gmt":"2025-02-19T11:02:37","slug":"biellette-reference","status":"publish","type":"product","link":"https:\/\/www.sams-industrie.fr\/en\/product\/biellette-reference\/","title":{"rendered":"Connecting rod<br> Reference WB-014-048"},"content":{"rendered":"","protected":false},"excerpt":{"rendered":"<p>RAPIDEX Agrafeuse<br \/> R\u00e9f\u00e9rence constructeur : WB-014-048<br \/> R\u00e9f\u00e9rences \u00e9quivalentes : WB014048 \/ MWB014048 \/ RAPWB014048<\/p>","protected":false},"featured_media":0,"comment_status":"open","ping_status":"closed","template":"","meta":[],"_links":{"self":[{"href":"https:\/\/www.sams-industrie.fr\/en\/wp-json\/wp\/v2\/product\/10745"}],"collection":[{"href":"https:\/\/www.sams-industrie.fr\/en\/wp-json\/wp\/v2\/product"}],"about":[{"href":"https:\/\/www.sams-industrie.fr\/en\/wp-json\/wp\/v2\/types\/product"}],"replies":[{"embeddable":true,"href":"https:\/\/www.sams-industrie.fr\/en\/wp-json\/wp\/v2\/comments?post=10745"}],"wp:attachment":[{"href":"https:\/\/www.sams-industrie.fr\/en\/wp-json\/wp\/v2\/media?parent=10745"}],"curies":[{"name":"wp","href":"https:\/\/api.w.org\/{rel}","templated":true}]}}