{"id":10744,"date":"2025-02-05T10:01:17","date_gmt":"2025-02-05T09:01:17","guid":{"rendered":"https:\/\/www.sams-industrie.fr\/product\/axe-de-biellette-reference-3\/"},"modified":"2025-10-29T16:08:09","modified_gmt":"2025-10-29T15:08:09","slug":"axe-de-biellette-reference-3","status":"publish","type":"product","link":"https:\/\/www.sams-industrie.fr\/en\/product\/axe-de-biellette-reference-3\/","title":{"rendered":"Tie rod axle<br> Reference WB-014-049"},"content":{"rendered":"","protected":false},"excerpt":{"rendered":"<p>RAPIDEX Agrafeuse<br \/>\nR\u00e9f\u00e9rence constructeur : WB-014-049<br \/>\nR\u00e9f\u00e9rences \u00e9quivalentes : WB014049 \/ MWB014049 \/ RAPWB014049<\/p>","protected":false},"featured_media":11697,"comment_status":"open","ping_status":"closed","template":"","meta":[],"_links":{"self":[{"href":"https:\/\/www.sams-industrie.fr\/en\/wp-json\/wp\/v2\/product\/10744"}],"collection":[{"href":"https:\/\/www.sams-industrie.fr\/en\/wp-json\/wp\/v2\/product"}],"about":[{"href":"https:\/\/www.sams-industrie.fr\/en\/wp-json\/wp\/v2\/types\/product"}],"replies":[{"embeddable":true,"href":"https:\/\/www.sams-industrie.fr\/en\/wp-json\/wp\/v2\/comments?post=10744"}],"wp:featuredmedia":[{"embeddable":true,"href":"https:\/\/www.sams-industrie.fr\/en\/wp-json\/wp\/v2\/media\/11697"}],"wp:attachment":[{"href":"https:\/\/www.sams-industrie.fr\/en\/wp-json\/wp\/v2\/media?parent=10744"}],"curies":[{"name":"wp","href":"https:\/\/api.w.org\/{rel}","templated":true}]}}