{"id":10743,"date":"2025-02-05T10:01:16","date_gmt":"2025-02-05T09:01:16","guid":{"rendered":"https:\/\/www.sams-industrie.fr\/product\/plaquette-de-serrage-reference-2\/"},"modified":"2025-02-19T12:02:35","modified_gmt":"2025-02-19T11:02:35","slug":"plaquette-de-serrage-reference-2","status":"publish","type":"product","link":"https:\/\/www.sams-industrie.fr\/en\/product\/plaquette-de-serrage-reference-2\/","title":{"rendered":"Clamping plate<br> Reference GD-001-099"},"content":{"rendered":"","protected":false},"excerpt":{"rendered":"<p>RAPIDEX Agrafeuse<br \/> R\u00e9f\u00e9rence constructeur : GD-001-099<br \/> R\u00e9f\u00e9rences \u00e9quivalentes : GD001099 \/ MGD001099 \/ RAPGD001099<\/p>","protected":false},"featured_media":0,"comment_status":"open","ping_status":"closed","template":"","meta":[],"_links":{"self":[{"href":"https:\/\/www.sams-industrie.fr\/en\/wp-json\/wp\/v2\/product\/10743"}],"collection":[{"href":"https:\/\/www.sams-industrie.fr\/en\/wp-json\/wp\/v2\/product"}],"about":[{"href":"https:\/\/www.sams-industrie.fr\/en\/wp-json\/wp\/v2\/types\/product"}],"replies":[{"embeddable":true,"href":"https:\/\/www.sams-industrie.fr\/en\/wp-json\/wp\/v2\/comments?post=10743"}],"wp:attachment":[{"href":"https:\/\/www.sams-industrie.fr\/en\/wp-json\/wp\/v2\/media?parent=10743"}],"curies":[{"name":"wp","href":"https:\/\/api.w.org\/{rel}","templated":true}]}}