{"id":10742,"date":"2025-02-05T10:01:16","date_gmt":"2025-02-05T09:01:16","guid":{"rendered":"https:\/\/www.sams-industrie.fr\/product\/balancier-reference-2\/"},"modified":"2025-02-19T12:02:35","modified_gmt":"2025-02-19T11:02:35","slug":"balancier-reference-2","status":"publish","type":"product","link":"https:\/\/www.sams-industrie.fr\/en\/product\/balancier-reference-2\/","title":{"rendered":"Balance wheel<br> Reference WB-014-005"},"content":{"rendered":"","protected":false},"excerpt":{"rendered":"<p>RAPIDEX Agrafeuse<br \/> R\u00e9f\u00e9rence constructeur : WB-014-005<br \/> R\u00e9f\u00e9rences \u00e9quivalentes : WB014005 \/ MWB014005 \/ RAPWB014005<\/p>","protected":false},"featured_media":0,"comment_status":"open","ping_status":"closed","template":"","meta":[],"_links":{"self":[{"href":"https:\/\/www.sams-industrie.fr\/en\/wp-json\/wp\/v2\/product\/10742"}],"collection":[{"href":"https:\/\/www.sams-industrie.fr\/en\/wp-json\/wp\/v2\/product"}],"about":[{"href":"https:\/\/www.sams-industrie.fr\/en\/wp-json\/wp\/v2\/types\/product"}],"replies":[{"embeddable":true,"href":"https:\/\/www.sams-industrie.fr\/en\/wp-json\/wp\/v2\/comments?post=10742"}],"wp:attachment":[{"href":"https:\/\/www.sams-industrie.fr\/en\/wp-json\/wp\/v2\/media?parent=10742"}],"curies":[{"name":"wp","href":"https:\/\/api.w.org\/{rel}","templated":true}]}}