{"id":10737,"date":"2025-02-05T10:01:12","date_gmt":"2025-02-05T09:01:12","guid":{"rendered":"https:\/\/www.sams-industrie.fr\/product\/bloc-guide-de-goulotte-reference\/"},"modified":"2025-02-19T12:02:31","modified_gmt":"2025-02-19T11:02:31","slug":"bloc-guide-de-goulotte-reference","status":"publish","type":"product","link":"https:\/\/www.sams-industrie.fr\/en\/product\/bloc-guide-de-goulotte-reference\/","title":{"rendered":"Chute guide block<br> Reference 3007-5-142"},"content":{"rendered":"","protected":false},"excerpt":{"rendered":"<p>RAPIDEX Agrafeuse<br \/> R\u00e9f\u00e9rence constructeur : 3007-5-142<br \/> R\u00e9f\u00e9rences \u00e9quivalentes : 30075142 \/ M30075142 \/ RAP30075142<\/p>","protected":false},"featured_media":0,"comment_status":"open","ping_status":"closed","template":"","meta":[],"_links":{"self":[{"href":"https:\/\/www.sams-industrie.fr\/en\/wp-json\/wp\/v2\/product\/10737"}],"collection":[{"href":"https:\/\/www.sams-industrie.fr\/en\/wp-json\/wp\/v2\/product"}],"about":[{"href":"https:\/\/www.sams-industrie.fr\/en\/wp-json\/wp\/v2\/types\/product"}],"replies":[{"embeddable":true,"href":"https:\/\/www.sams-industrie.fr\/en\/wp-json\/wp\/v2\/comments?post=10737"}],"wp:attachment":[{"href":"https:\/\/www.sams-industrie.fr\/en\/wp-json\/wp\/v2\/media?parent=10737"}],"curies":[{"name":"wp","href":"https:\/\/api.w.org\/{rel}","templated":true}]}}