{"id":10736,"date":"2025-02-05T10:01:11","date_gmt":"2025-02-05T09:01:11","guid":{"rendered":"https:\/\/www.sams-industrie.fr\/product\/ressort-de-rappel-de-levier-reference\/"},"modified":"2025-02-19T12:02:31","modified_gmt":"2025-02-19T11:02:31","slug":"ressort-de-rappel-de-levier-reference","status":"publish","type":"product","link":"https:\/\/www.sams-industrie.fr\/en\/product\/ressort-de-rappel-de-levier-reference\/","title":{"rendered":"Lever return spring<br> Reference GD-027-094"},"content":{"rendered":"","protected":false},"excerpt":{"rendered":"<p>RAPIDEX Agrafeuse<br \/> R\u00e9f\u00e9rence constructeur : GD-027-094<br \/> R\u00e9f\u00e9rences \u00e9quivalentes : GD027094 \/ MGD027094 \/ RAPGD027094<\/p>","protected":false},"featured_media":0,"comment_status":"open","ping_status":"closed","template":"","meta":[],"_links":{"self":[{"href":"https:\/\/www.sams-industrie.fr\/en\/wp-json\/wp\/v2\/product\/10736"}],"collection":[{"href":"https:\/\/www.sams-industrie.fr\/en\/wp-json\/wp\/v2\/product"}],"about":[{"href":"https:\/\/www.sams-industrie.fr\/en\/wp-json\/wp\/v2\/types\/product"}],"replies":[{"embeddable":true,"href":"https:\/\/www.sams-industrie.fr\/en\/wp-json\/wp\/v2\/comments?post=10736"}],"wp:attachment":[{"href":"https:\/\/www.sams-industrie.fr\/en\/wp-json\/wp\/v2\/media?parent=10736"}],"curies":[{"name":"wp","href":"https:\/\/api.w.org\/{rel}","templated":true}]}}