{"id":10733,"date":"2025-02-05T10:01:09","date_gmt":"2025-02-05T09:01:09","guid":{"rendered":"https:\/\/www.sams-industrie.fr\/product\/axe-de-levier-reference-2\/"},"modified":"2025-02-19T12:02:27","modified_gmt":"2025-02-19T11:02:27","slug":"axe-de-levier-reference-2","status":"publish","type":"product","link":"https:\/\/www.sams-industrie.fr\/en\/product\/axe-de-levier-reference-2\/","title":{"rendered":"Lever axis<br> Reference GF-001-019"},"content":{"rendered":"","protected":false},"excerpt":{"rendered":"<p>RAPIDEX Agrafeuse<br \/> R\u00e9f\u00e9rence constructeur : GF-001-019<br \/> R\u00e9f\u00e9rences \u00e9quivalentes : GF001019 \/ MGF001019 \/ RAPGF001019<\/p>","protected":false},"featured_media":0,"comment_status":"open","ping_status":"closed","template":"","meta":[],"_links":{"self":[{"href":"https:\/\/www.sams-industrie.fr\/en\/wp-json\/wp\/v2\/product\/10733"}],"collection":[{"href":"https:\/\/www.sams-industrie.fr\/en\/wp-json\/wp\/v2\/product"}],"about":[{"href":"https:\/\/www.sams-industrie.fr\/en\/wp-json\/wp\/v2\/types\/product"}],"replies":[{"embeddable":true,"href":"https:\/\/www.sams-industrie.fr\/en\/wp-json\/wp\/v2\/comments?post=10733"}],"wp:attachment":[{"href":"https:\/\/www.sams-industrie.fr\/en\/wp-json\/wp\/v2\/media?parent=10733"}],"curies":[{"name":"wp","href":"https:\/\/api.w.org\/{rel}","templated":true}]}}