{"id":10727,"date":"2025-02-05T10:01:05","date_gmt":"2025-02-05T09:01:05","guid":{"rendered":"https:\/\/www.sams-industrie.fr\/product\/bielle-intermediaire-doscillation-reference\/"},"modified":"2025-02-19T12:02:23","modified_gmt":"2025-02-19T11:02:23","slug":"bielle-intermediaire-doscillation-reference","status":"publish","type":"product","link":"https:\/\/www.sams-industrie.fr\/en\/product\/bielle-intermediaire-doscillation-reference\/","title":{"rendered":"Intermediate oscillation rod<br> Reference BG-015-816"},"content":{"rendered":"","protected":false},"excerpt":{"rendered":"<p>RAPIDEX Agrafeuse<br \/> R\u00e9f\u00e9rence constructeur : BG-015-816<br \/> R\u00e9f\u00e9rences \u00e9quivalentes : BG015816 \/ MBG015816 \/ RAPBG015816<\/p>","protected":false},"featured_media":0,"comment_status":"open","ping_status":"closed","template":"","meta":[],"_links":{"self":[{"href":"https:\/\/www.sams-industrie.fr\/en\/wp-json\/wp\/v2\/product\/10727"}],"collection":[{"href":"https:\/\/www.sams-industrie.fr\/en\/wp-json\/wp\/v2\/product"}],"about":[{"href":"https:\/\/www.sams-industrie.fr\/en\/wp-json\/wp\/v2\/types\/product"}],"replies":[{"embeddable":true,"href":"https:\/\/www.sams-industrie.fr\/en\/wp-json\/wp\/v2\/comments?post=10727"}],"wp:attachment":[{"href":"https:\/\/www.sams-industrie.fr\/en\/wp-json\/wp\/v2\/media?parent=10727"}],"curies":[{"name":"wp","href":"https:\/\/api.w.org\/{rel}","templated":true}]}}