{"id":10726,"date":"2025-02-05T10:01:04","date_gmt":"2025-02-05T09:01:04","guid":{"rendered":"https:\/\/www.sams-industrie.fr\/product\/rondelle-de-lateral-reference\/"},"modified":"2025-10-29T16:04:29","modified_gmt":"2025-10-29T15:04:29","slug":"rondelle-de-lateral-reference","status":"publish","type":"product","link":"https:\/\/www.sams-industrie.fr\/en\/product\/rondelle-de-lateral-reference\/","title":{"rendered":"Side washer<br> Reference GD-201-043"},"content":{"rendered":"","protected":false},"excerpt":{"rendered":"<p>RAPIDEX Agrafeuse<br \/>\nR\u00e9f\u00e9rence constructeur : GD-201-043<br \/>\nR\u00e9f\u00e9rences \u00e9quivalentes : GD201043 \/ MGD201043 \/ RAPGD201043<\/p>","protected":false},"featured_media":11693,"comment_status":"open","ping_status":"closed","template":"","meta":[],"_links":{"self":[{"href":"https:\/\/www.sams-industrie.fr\/en\/wp-json\/wp\/v2\/product\/10726"}],"collection":[{"href":"https:\/\/www.sams-industrie.fr\/en\/wp-json\/wp\/v2\/product"}],"about":[{"href":"https:\/\/www.sams-industrie.fr\/en\/wp-json\/wp\/v2\/types\/product"}],"replies":[{"embeddable":true,"href":"https:\/\/www.sams-industrie.fr\/en\/wp-json\/wp\/v2\/comments?post=10726"}],"wp:featuredmedia":[{"embeddable":true,"href":"https:\/\/www.sams-industrie.fr\/en\/wp-json\/wp\/v2\/media\/11693"}],"wp:attachment":[{"href":"https:\/\/www.sams-industrie.fr\/en\/wp-json\/wp\/v2\/media?parent=10726"}],"curies":[{"name":"wp","href":"https:\/\/api.w.org\/{rel}","templated":true}]}}