{"id":10723,"date":"2025-02-05T10:01:02","date_gmt":"2025-02-05T09:01:02","guid":{"rendered":"https:\/\/www.sams-industrie.fr\/product\/entretoise-reference-3\/"},"modified":"2026-03-03T16:41:57","modified_gmt":"2026-03-03T15:41:57","slug":"entretoise-reference-3","status":"publish","type":"product","link":"https:\/\/www.sams-industrie.fr\/en\/product\/entretoise-reference-3\/","title":{"rendered":"Spacer<br> Reference GF-001-009"},"content":{"rendered":"","protected":false},"excerpt":{"rendered":"<p>RAPIDEX Agrafeuse<br \/>\nR\u00e9f\u00e9rence constructeur : GF-001-009<br \/>\nR\u00e9f\u00e9rences \u00e9quivalentes : GF001009 \/ MGF001009 \/ RAPGF001009<\/p>","protected":false},"featured_media":11783,"comment_status":"open","ping_status":"closed","template":"","meta":[],"_links":{"self":[{"href":"https:\/\/www.sams-industrie.fr\/en\/wp-json\/wp\/v2\/product\/10723"}],"collection":[{"href":"https:\/\/www.sams-industrie.fr\/en\/wp-json\/wp\/v2\/product"}],"about":[{"href":"https:\/\/www.sams-industrie.fr\/en\/wp-json\/wp\/v2\/types\/product"}],"replies":[{"embeddable":true,"href":"https:\/\/www.sams-industrie.fr\/en\/wp-json\/wp\/v2\/comments?post=10723"}],"wp:featuredmedia":[{"embeddable":true,"href":"https:\/\/www.sams-industrie.fr\/en\/wp-json\/wp\/v2\/media\/11783"}],"wp:attachment":[{"href":"https:\/\/www.sams-industrie.fr\/en\/wp-json\/wp\/v2\/media?parent=10723"}],"curies":[{"name":"wp","href":"https:\/\/api.w.org\/{rel}","templated":true}]}}