{"id":10722,"date":"2025-02-05T10:01:02","date_gmt":"2025-02-05T09:01:02","guid":{"rendered":"https:\/\/www.sams-industrie.fr\/product\/entretoise-reference-2\/"},"modified":"2025-02-19T12:02:19","modified_gmt":"2025-02-19T11:02:19","slug":"entretoise-reference-2","status":"publish","type":"product","link":"https:\/\/www.sams-industrie.fr\/en\/product\/entretoise-reference-2\/","title":{"rendered":"Spacer<br> Reference GD-001-019"},"content":{"rendered":"","protected":false},"excerpt":{"rendered":"<p>RAPIDEX Agrafeuse<br \/> R\u00e9f\u00e9rence constructeur : GD-001-019<br \/> R\u00e9f\u00e9rences \u00e9quivalentes : GD001019 \/ MGD001019 \/ RAPGD001019<\/p>","protected":false},"featured_media":0,"comment_status":"open","ping_status":"closed","template":"","meta":[],"_links":{"self":[{"href":"https:\/\/www.sams-industrie.fr\/en\/wp-json\/wp\/v2\/product\/10722"}],"collection":[{"href":"https:\/\/www.sams-industrie.fr\/en\/wp-json\/wp\/v2\/product"}],"about":[{"href":"https:\/\/www.sams-industrie.fr\/en\/wp-json\/wp\/v2\/types\/product"}],"replies":[{"embeddable":true,"href":"https:\/\/www.sams-industrie.fr\/en\/wp-json\/wp\/v2\/comments?post=10722"}],"wp:attachment":[{"href":"https:\/\/www.sams-industrie.fr\/en\/wp-json\/wp\/v2\/media?parent=10722"}],"curies":[{"name":"wp","href":"https:\/\/api.w.org\/{rel}","templated":true}]}}