{"id":10721,"date":"2025-02-05T10:01:01","date_gmt":"2025-02-05T09:01:01","guid":{"rendered":"https:\/\/www.sams-industrie.fr\/product\/rondelle-epaulee-reference-2\/"},"modified":"2025-10-29T16:03:49","modified_gmt":"2025-10-29T15:03:49","slug":"rondelle-epaulee-reference-2","status":"publish","type":"product","link":"https:\/\/www.sams-industrie.fr\/en\/product\/rondelle-epaulee-reference-2\/","title":{"rendered":"Shoulder washer<br> Reference CJ-015-017"},"content":{"rendered":"","protected":false},"excerpt":{"rendered":"<p>RAPIDEX Agrafeuse<br \/>\nR\u00e9f\u00e9rence constructeur : CJ-015-017<br \/>\nR\u00e9f\u00e9rences \u00e9quivalentes : CJ015017 \/ MCJ015017 \/ RAPCJ015017<\/p>","protected":false},"featured_media":11692,"comment_status":"open","ping_status":"closed","template":"","meta":[],"_links":{"self":[{"href":"https:\/\/www.sams-industrie.fr\/en\/wp-json\/wp\/v2\/product\/10721"}],"collection":[{"href":"https:\/\/www.sams-industrie.fr\/en\/wp-json\/wp\/v2\/product"}],"about":[{"href":"https:\/\/www.sams-industrie.fr\/en\/wp-json\/wp\/v2\/types\/product"}],"replies":[{"embeddable":true,"href":"https:\/\/www.sams-industrie.fr\/en\/wp-json\/wp\/v2\/comments?post=10721"}],"wp:featuredmedia":[{"embeddable":true,"href":"https:\/\/www.sams-industrie.fr\/en\/wp-json\/wp\/v2\/media\/11692"}],"wp:attachment":[{"href":"https:\/\/www.sams-industrie.fr\/en\/wp-json\/wp\/v2\/media?parent=10721"}],"curies":[{"name":"wp","href":"https:\/\/api.w.org\/{rel}","templated":true}]}}