{"id":10720,"date":"2025-02-05T10:01:00","date_gmt":"2025-02-05T09:01:00","guid":{"rendered":"https:\/\/www.sams-industrie.fr\/product\/rondelle-epaulee-reference\/"},"modified":"2026-03-03T16:40:49","modified_gmt":"2026-03-03T15:40:49","slug":"rondelle-epaulee-reference","status":"publish","type":"product","link":"https:\/\/www.sams-industrie.fr\/en\/product\/rondelle-epaulee-reference\/","title":{"rendered":"Shoulder washer<br> Reference 3007-5-032"},"content":{"rendered":"","protected":false},"excerpt":{"rendered":"<p>RAPIDEX Agrafeuse<br \/>\nR\u00e9f\u00e9rence constructeur : 3007-5-032<br \/>\nR\u00e9f\u00e9rences \u00e9quivalentes : 30075032 \/ M30075032 \/ RAP30075032<\/p>","protected":false},"featured_media":11782,"comment_status":"open","ping_status":"closed","template":"","meta":[],"_links":{"self":[{"href":"https:\/\/www.sams-industrie.fr\/en\/wp-json\/wp\/v2\/product\/10720"}],"collection":[{"href":"https:\/\/www.sams-industrie.fr\/en\/wp-json\/wp\/v2\/product"}],"about":[{"href":"https:\/\/www.sams-industrie.fr\/en\/wp-json\/wp\/v2\/types\/product"}],"replies":[{"embeddable":true,"href":"https:\/\/www.sams-industrie.fr\/en\/wp-json\/wp\/v2\/comments?post=10720"}],"wp:featuredmedia":[{"embeddable":true,"href":"https:\/\/www.sams-industrie.fr\/en\/wp-json\/wp\/v2\/media\/11782"}],"wp:attachment":[{"href":"https:\/\/www.sams-industrie.fr\/en\/wp-json\/wp\/v2\/media?parent=10720"}],"curies":[{"name":"wp","href":"https:\/\/api.w.org\/{rel}","templated":true}]}}