{"id":10719,"date":"2025-02-05T10:01:00","date_gmt":"2025-02-05T09:01:00","guid":{"rendered":"https:\/\/www.sams-industrie.fr\/product\/rondelle-reference-2\/"},"modified":"2026-03-03T16:34:23","modified_gmt":"2026-03-03T15:34:23","slug":"rondelle-reference-2","status":"publish","type":"product","link":"https:\/\/www.sams-industrie.fr\/en\/product\/rondelle-reference-2\/","title":{"rendered":"Washer<br> Reference 3007-5-043"},"content":{"rendered":"","protected":false},"excerpt":{"rendered":"<p>RAPIDEX Agrafeuse<br \/>\nR\u00e9f\u00e9rence constructeur : 3007-5-043<br \/>\nR\u00e9f\u00e9rences \u00e9quivalentes : 30075043 \/ M30075043 \/ RAP30075043<\/p>","protected":false},"featured_media":11781,"comment_status":"open","ping_status":"closed","template":"","meta":[],"_links":{"self":[{"href":"https:\/\/www.sams-industrie.fr\/en\/wp-json\/wp\/v2\/product\/10719"}],"collection":[{"href":"https:\/\/www.sams-industrie.fr\/en\/wp-json\/wp\/v2\/product"}],"about":[{"href":"https:\/\/www.sams-industrie.fr\/en\/wp-json\/wp\/v2\/types\/product"}],"replies":[{"embeddable":true,"href":"https:\/\/www.sams-industrie.fr\/en\/wp-json\/wp\/v2\/comments?post=10719"}],"wp:featuredmedia":[{"embeddable":true,"href":"https:\/\/www.sams-industrie.fr\/en\/wp-json\/wp\/v2\/media\/11781"}],"wp:attachment":[{"href":"https:\/\/www.sams-industrie.fr\/en\/wp-json\/wp\/v2\/media?parent=10719"}],"curies":[{"name":"wp","href":"https:\/\/api.w.org\/{rel}","templated":true}]}}