{"id":10717,"date":"2025-02-05T10:00:58","date_gmt":"2025-02-05T09:00:58","guid":{"rendered":"https:\/\/www.sams-industrie.fr\/product\/ressort-de-reglage-doscillation-reference\/"},"modified":"2026-03-03T16:33:00","modified_gmt":"2026-03-03T15:33:00","slug":"ressort-de-reglage-doscillation-reference","status":"publish","type":"product","link":"https:\/\/www.sams-industrie.fr\/en\/product\/ressort-de-reglage-doscillation-reference\/","title":{"rendered":"Oscillation adjustment spring<br> Reference RC-126"},"content":{"rendered":"","protected":false},"excerpt":{"rendered":"<p>RAPIDEX Agrafeuse<br \/>\nR\u00e9f\u00e9rence constructeur : RC-126<br \/>\nR\u00e9f\u00e9rences \u00e9quivalentes : RC126 \/ MRC126 \/ RAPRC126<\/p>","protected":false},"featured_media":11780,"comment_status":"open","ping_status":"closed","template":"","meta":[],"_links":{"self":[{"href":"https:\/\/www.sams-industrie.fr\/en\/wp-json\/wp\/v2\/product\/10717"}],"collection":[{"href":"https:\/\/www.sams-industrie.fr\/en\/wp-json\/wp\/v2\/product"}],"about":[{"href":"https:\/\/www.sams-industrie.fr\/en\/wp-json\/wp\/v2\/types\/product"}],"replies":[{"embeddable":true,"href":"https:\/\/www.sams-industrie.fr\/en\/wp-json\/wp\/v2\/comments?post=10717"}],"wp:featuredmedia":[{"embeddable":true,"href":"https:\/\/www.sams-industrie.fr\/en\/wp-json\/wp\/v2\/media\/11780"}],"wp:attachment":[{"href":"https:\/\/www.sams-industrie.fr\/en\/wp-json\/wp\/v2\/media?parent=10717"}],"curies":[{"name":"wp","href":"https:\/\/api.w.org\/{rel}","templated":true}]}}