{"id":10716,"date":"2025-02-05T10:00:58","date_gmt":"2025-02-05T09:00:58","guid":{"rendered":"https:\/\/www.sams-industrie.fr\/product\/axe-de-levier-damplitude-reference-2\/"},"modified":"2025-11-24T14:32:25","modified_gmt":"2025-11-24T13:32:25","slug":"axe-de-levier-damplitude-reference-2","status":"publish","type":"product","link":"https:\/\/www.sams-industrie.fr\/en\/product\/axe-de-levier-damplitude-reference-2\/","title":{"rendered":"Axis of amplitude<br> Reference GD-001-094"},"content":{"rendered":"","protected":false},"excerpt":{"rendered":"<p>RAPIDEX Agrafeuse<br \/>\nR\u00e9f\u00e9rence constructeur : GD-001-094<br \/>\nR\u00e9f\u00e9rences \u00e9quivalentes : GD001094 \/ MGD001094 \/ RAPGD001094<\/p>","protected":false},"featured_media":11755,"comment_status":"open","ping_status":"closed","template":"","meta":[],"_links":{"self":[{"href":"https:\/\/www.sams-industrie.fr\/en\/wp-json\/wp\/v2\/product\/10716"}],"collection":[{"href":"https:\/\/www.sams-industrie.fr\/en\/wp-json\/wp\/v2\/product"}],"about":[{"href":"https:\/\/www.sams-industrie.fr\/en\/wp-json\/wp\/v2\/types\/product"}],"replies":[{"embeddable":true,"href":"https:\/\/www.sams-industrie.fr\/en\/wp-json\/wp\/v2\/comments?post=10716"}],"wp:featuredmedia":[{"embeddable":true,"href":"https:\/\/www.sams-industrie.fr\/en\/wp-json\/wp\/v2\/media\/11755"}],"wp:attachment":[{"href":"https:\/\/www.sams-industrie.fr\/en\/wp-json\/wp\/v2\/media?parent=10716"}],"curies":[{"name":"wp","href":"https:\/\/api.w.org\/{rel}","templated":true}]}}