{"id":10715,"date":"2025-02-05T10:00:57","date_gmt":"2025-02-05T09:00:57","guid":{"rendered":"https:\/\/www.sams-industrie.fr\/product\/coulisseau-de-reglage-doscillation-reference\/"},"modified":"2025-11-24T14:31:35","modified_gmt":"2025-11-24T13:31:35","slug":"coulisseau-de-reglage-doscillation-reference","status":"publish","type":"product","link":"https:\/\/www.sams-industrie.fr\/en\/product\/coulisseau-de-reglage-doscillation-reference\/","title":{"rendered":"Oscillation adjustment slider<br> Reference GE-005-011"},"content":{"rendered":"","protected":false},"excerpt":{"rendered":"<p>RAPIDEX Agrafeuse<br \/>\nR\u00e9f\u00e9rence constructeur : GE-005-011<br \/>\nR\u00e9f\u00e9rences \u00e9quivalentes : GE005011 \/ MGE005011 \/ RAPGE005011<\/p>","protected":false},"featured_media":11754,"comment_status":"open","ping_status":"closed","template":"","meta":[],"_links":{"self":[{"href":"https:\/\/www.sams-industrie.fr\/en\/wp-json\/wp\/v2\/product\/10715"}],"collection":[{"href":"https:\/\/www.sams-industrie.fr\/en\/wp-json\/wp\/v2\/product"}],"about":[{"href":"https:\/\/www.sams-industrie.fr\/en\/wp-json\/wp\/v2\/types\/product"}],"replies":[{"embeddable":true,"href":"https:\/\/www.sams-industrie.fr\/en\/wp-json\/wp\/v2\/comments?post=10715"}],"wp:featuredmedia":[{"embeddable":true,"href":"https:\/\/www.sams-industrie.fr\/en\/wp-json\/wp\/v2\/media\/11754"}],"wp:attachment":[{"href":"https:\/\/www.sams-industrie.fr\/en\/wp-json\/wp\/v2\/media?parent=10715"}],"curies":[{"name":"wp","href":"https:\/\/api.w.org\/{rel}","templated":true}]}}