{"id":10714,"date":"2025-02-05T10:00:57","date_gmt":"2025-02-05T09:00:57","guid":{"rendered":"https:\/\/www.sams-industrie.fr\/product\/chemise-de-piston-de-reglage-reference\/"},"modified":"2025-11-24T14:30:24","modified_gmt":"2025-11-24T13:30:24","slug":"chemise-de-piston-de-reglage-reference","status":"publish","type":"product","link":"https:\/\/www.sams-industrie.fr\/en\/product\/chemise-de-piston-de-reglage-reference\/","title":{"rendered":"Adjustment piston sleeve<br> Reference GE-005-112"},"content":{"rendered":"","protected":false},"excerpt":{"rendered":"<p>RAPIDEX Agrafeuse<br \/>\nR\u00e9f\u00e9rence constructeur : GE-005-112<br \/>\nR\u00e9f\u00e9rences \u00e9quivalentes : GE005112 \/ MGE005112 \/ RAPGE005112<\/p>","protected":false},"featured_media":11753,"comment_status":"open","ping_status":"closed","template":"","meta":[],"_links":{"self":[{"href":"https:\/\/www.sams-industrie.fr\/en\/wp-json\/wp\/v2\/product\/10714"}],"collection":[{"href":"https:\/\/www.sams-industrie.fr\/en\/wp-json\/wp\/v2\/product"}],"about":[{"href":"https:\/\/www.sams-industrie.fr\/en\/wp-json\/wp\/v2\/types\/product"}],"replies":[{"embeddable":true,"href":"https:\/\/www.sams-industrie.fr\/en\/wp-json\/wp\/v2\/comments?post=10714"}],"wp:featuredmedia":[{"embeddable":true,"href":"https:\/\/www.sams-industrie.fr\/en\/wp-json\/wp\/v2\/media\/11753"}],"wp:attachment":[{"href":"https:\/\/www.sams-industrie.fr\/en\/wp-json\/wp\/v2\/media?parent=10714"}],"curies":[{"name":"wp","href":"https:\/\/api.w.org\/{rel}","templated":true}]}}