{"id":10712,"date":"2025-02-05T10:00:55","date_gmt":"2025-02-05T09:00:55","guid":{"rendered":"https:\/\/www.sams-industrie.fr\/product\/piston-de-reglage-reference\/"},"modified":"2025-10-29T16:02:59","modified_gmt":"2025-10-29T15:02:59","slug":"piston-de-reglage-reference","status":"publish","type":"product","link":"https:\/\/www.sams-industrie.fr\/en\/product\/piston-de-reglage-reference\/","title":{"rendered":"Adjusting piston<br> Reference GE-005-113"},"content":{"rendered":"","protected":false},"excerpt":{"rendered":"<p>RAPIDEX Agrafeuse<br \/>\nR\u00e9f\u00e9rence constructeur : GE-005-113<br \/>\nR\u00e9f\u00e9rences \u00e9quivalentes : GE005113 \/ MGE005113 \/ RAPGE005113<\/p>","protected":false},"featured_media":11691,"comment_status":"open","ping_status":"closed","template":"","meta":[],"_links":{"self":[{"href":"https:\/\/www.sams-industrie.fr\/en\/wp-json\/wp\/v2\/product\/10712"}],"collection":[{"href":"https:\/\/www.sams-industrie.fr\/en\/wp-json\/wp\/v2\/product"}],"about":[{"href":"https:\/\/www.sams-industrie.fr\/en\/wp-json\/wp\/v2\/types\/product"}],"replies":[{"embeddable":true,"href":"https:\/\/www.sams-industrie.fr\/en\/wp-json\/wp\/v2\/comments?post=10712"}],"wp:featuredmedia":[{"embeddable":true,"href":"https:\/\/www.sams-industrie.fr\/en\/wp-json\/wp\/v2\/media\/11691"}],"wp:attachment":[{"href":"https:\/\/www.sams-industrie.fr\/en\/wp-json\/wp\/v2\/media?parent=10712"}],"curies":[{"name":"wp","href":"https:\/\/api.w.org\/{rel}","templated":true}]}}