{"id":10711,"date":"2025-02-05T10:00:55","date_gmt":"2025-02-05T09:00:55","guid":{"rendered":"https:\/\/www.sams-industrie.fr\/product\/embase-de-coulisse-dexcentrique-reference\/"},"modified":"2025-11-24T14:28:35","modified_gmt":"2025-11-24T13:28:35","slug":"embase-de-coulisse-dexcentrique-reference","status":"publish","type":"product","link":"https:\/\/www.sams-industrie.fr\/en\/product\/embase-de-coulisse-dexcentrique-reference\/","title":{"rendered":"Eccentric slide base<br> Reference GE-005-014"},"content":{"rendered":"","protected":false},"excerpt":{"rendered":"<p>RAPIDEX Agrafeuse<br \/>\nR\u00e9f\u00e9rence constructeur : GE-005-014<br \/>\nR\u00e9f\u00e9rences \u00e9quivalentes : GE005014 \/ MGE005014 \/ RAPGE005014<\/p>","protected":false},"featured_media":11751,"comment_status":"open","ping_status":"closed","template":"","meta":[],"_links":{"self":[{"href":"https:\/\/www.sams-industrie.fr\/en\/wp-json\/wp\/v2\/product\/10711"}],"collection":[{"href":"https:\/\/www.sams-industrie.fr\/en\/wp-json\/wp\/v2\/product"}],"about":[{"href":"https:\/\/www.sams-industrie.fr\/en\/wp-json\/wp\/v2\/types\/product"}],"replies":[{"embeddable":true,"href":"https:\/\/www.sams-industrie.fr\/en\/wp-json\/wp\/v2\/comments?post=10711"}],"wp:featuredmedia":[{"embeddable":true,"href":"https:\/\/www.sams-industrie.fr\/en\/wp-json\/wp\/v2\/media\/11751"}],"wp:attachment":[{"href":"https:\/\/www.sams-industrie.fr\/en\/wp-json\/wp\/v2\/media?parent=10711"}],"curies":[{"name":"wp","href":"https:\/\/api.w.org\/{rel}","templated":true}]}}