{"id":10710,"date":"2025-02-05T10:00:52","date_gmt":"2025-02-05T09:00:52","guid":{"rendered":"https:\/\/www.sams-industrie.fr\/product\/coulisse-dexcentrique-reference\/"},"modified":"2025-11-24T14:27:03","modified_gmt":"2025-11-24T13:27:03","slug":"coulisse-dexcentrique-reference","status":"publish","type":"product","link":"https:\/\/www.sams-industrie.fr\/en\/product\/coulisse-dexcentrique-reference\/","title":{"rendered":"Eccentric slide<br> Reference GE-005-010"},"content":{"rendered":"","protected":false},"excerpt":{"rendered":"<p>RAPIDEX Agrafeuse<br \/>\nR\u00e9f\u00e9rence constructeur : GE-005-010<br \/>\nR\u00e9f\u00e9rences \u00e9quivalentes : GE005010 \/ MGE005010 \/ RAPGE005010<\/p>","protected":false},"featured_media":11750,"comment_status":"open","ping_status":"closed","template":"","meta":[],"_links":{"self":[{"href":"https:\/\/www.sams-industrie.fr\/en\/wp-json\/wp\/v2\/product\/10710"}],"collection":[{"href":"https:\/\/www.sams-industrie.fr\/en\/wp-json\/wp\/v2\/product"}],"about":[{"href":"https:\/\/www.sams-industrie.fr\/en\/wp-json\/wp\/v2\/types\/product"}],"replies":[{"embeddable":true,"href":"https:\/\/www.sams-industrie.fr\/en\/wp-json\/wp\/v2\/comments?post=10710"}],"wp:featuredmedia":[{"embeddable":true,"href":"https:\/\/www.sams-industrie.fr\/en\/wp-json\/wp\/v2\/media\/11750"}],"wp:attachment":[{"href":"https:\/\/www.sams-industrie.fr\/en\/wp-json\/wp\/v2\/media?parent=10710"}],"curies":[{"name":"wp","href":"https:\/\/api.w.org\/{rel}","templated":true}]}}