{"id":10709,"date":"2025-02-05T10:00:51","date_gmt":"2025-02-05T09:00:51","guid":{"rendered":"https:\/\/www.sams-industrie.fr\/product\/rondelle-pour-bielle-oscillometrique-reference\/"},"modified":"2025-10-29T16:02:06","modified_gmt":"2025-10-29T15:02:06","slug":"rondelle-pour-bielle-oscillometrique-reference","status":"publish","type":"product","link":"https:\/\/www.sams-industrie.fr\/en\/product\/rondelle-pour-bielle-oscillometrique-reference\/","title":{"rendered":"Washer for oscillometric connecting rod<br> Reference 300-7-5-052"},"content":{"rendered":"","protected":false},"excerpt":{"rendered":"<p>RAPIDEX Agrafeuse<br \/>\nR\u00e9f\u00e9rence constructeur : 300-7-5-052<br \/>\nR\u00e9f\u00e9rences \u00e9quivalentes : 30075052 \/ M30075052 \/ RAP30075052<\/p>","protected":false},"featured_media":11690,"comment_status":"open","ping_status":"closed","template":"","meta":[],"_links":{"self":[{"href":"https:\/\/www.sams-industrie.fr\/en\/wp-json\/wp\/v2\/product\/10709"}],"collection":[{"href":"https:\/\/www.sams-industrie.fr\/en\/wp-json\/wp\/v2\/product"}],"about":[{"href":"https:\/\/www.sams-industrie.fr\/en\/wp-json\/wp\/v2\/types\/product"}],"replies":[{"embeddable":true,"href":"https:\/\/www.sams-industrie.fr\/en\/wp-json\/wp\/v2\/comments?post=10709"}],"wp:featuredmedia":[{"embeddable":true,"href":"https:\/\/www.sams-industrie.fr\/en\/wp-json\/wp\/v2\/media\/11690"}],"wp:attachment":[{"href":"https:\/\/www.sams-industrie.fr\/en\/wp-json\/wp\/v2\/media?parent=10709"}],"curies":[{"name":"wp","href":"https:\/\/api.w.org\/{rel}","templated":true}]}}