{"id":10708,"date":"2025-02-05T10:00:51","date_gmt":"2025-02-05T09:00:51","guid":{"rendered":"https:\/\/www.sams-industrie.fr\/product\/rondelle-pour-bielle-reference\/"},"modified":"2025-11-24T14:25:59","modified_gmt":"2025-11-24T13:25:59","slug":"rondelle-pour-bielle-reference","status":"publish","type":"product","link":"https:\/\/www.sams-industrie.fr\/en\/product\/rondelle-pour-bielle-reference\/","title":{"rendered":"Connecting rod washer<br> Reference 3007-5-054"},"content":{"rendered":"","protected":false},"excerpt":{"rendered":"<p>RAPIDEX Agrafeuse<br \/>\nR\u00e9f\u00e9rence constructeur : 3007-5-054<br \/>\nR\u00e9f\u00e9rences \u00e9quivalentes : 30075054 \/ M30075054 \/ RAP30075054<\/p>","protected":false},"featured_media":11749,"comment_status":"open","ping_status":"closed","template":"","meta":[],"_links":{"self":[{"href":"https:\/\/www.sams-industrie.fr\/en\/wp-json\/wp\/v2\/product\/10708"}],"collection":[{"href":"https:\/\/www.sams-industrie.fr\/en\/wp-json\/wp\/v2\/product"}],"about":[{"href":"https:\/\/www.sams-industrie.fr\/en\/wp-json\/wp\/v2\/types\/product"}],"replies":[{"embeddable":true,"href":"https:\/\/www.sams-industrie.fr\/en\/wp-json\/wp\/v2\/comments?post=10708"}],"wp:featuredmedia":[{"embeddable":true,"href":"https:\/\/www.sams-industrie.fr\/en\/wp-json\/wp\/v2\/media\/11749"}],"wp:attachment":[{"href":"https:\/\/www.sams-industrie.fr\/en\/wp-json\/wp\/v2\/media?parent=10708"}],"curies":[{"name":"wp","href":"https:\/\/api.w.org\/{rel}","templated":true}]}}