{"id":10706,"date":"2025-02-05T10:00:49","date_gmt":"2025-02-05T09:00:49","guid":{"rendered":"https:\/\/www.sams-industrie.fr\/product\/axe-de-bielle-de-commande-reference\/"},"modified":"2025-10-29T16:00:12","modified_gmt":"2025-10-29T15:00:12","slug":"axe-de-bielle-de-commande-reference","status":"publish","type":"product","link":"https:\/\/www.sams-industrie.fr\/en\/product\/axe-de-bielle-de-commande-reference\/","title":{"rendered":"Control rod shaft<br> Reference BD-015-015"},"content":{"rendered":"","protected":false},"excerpt":{"rendered":"<p>RAPIDEX Agrafeuse<br \/>\nR\u00e9f\u00e9rence constructeur : BD-015-015<br \/>\nR\u00e9f\u00e9rences \u00e9quivalentes : BD015015 \/ MBD015015 \/ RAPBD015015<\/p>","protected":false},"featured_media":11689,"comment_status":"open","ping_status":"closed","template":"","meta":[],"_links":{"self":[{"href":"https:\/\/www.sams-industrie.fr\/en\/wp-json\/wp\/v2\/product\/10706"}],"collection":[{"href":"https:\/\/www.sams-industrie.fr\/en\/wp-json\/wp\/v2\/product"}],"about":[{"href":"https:\/\/www.sams-industrie.fr\/en\/wp-json\/wp\/v2\/types\/product"}],"replies":[{"embeddable":true,"href":"https:\/\/www.sams-industrie.fr\/en\/wp-json\/wp\/v2\/comments?post=10706"}],"wp:featuredmedia":[{"embeddable":true,"href":"https:\/\/www.sams-industrie.fr\/en\/wp-json\/wp\/v2\/media\/11689"}],"wp:attachment":[{"href":"https:\/\/www.sams-industrie.fr\/en\/wp-json\/wp\/v2\/media?parent=10706"}],"curies":[{"name":"wp","href":"https:\/\/api.w.org\/{rel}","templated":true}]}}