{"id":10705,"date":"2025-02-05T10:00:49","date_gmt":"2025-02-05T09:00:49","guid":{"rendered":"https:\/\/www.sams-industrie.fr\/product\/axe-de-bielle-de-commande-de-levier-coudeur-reference-2\/"},"modified":"2025-10-29T15:58:54","modified_gmt":"2025-10-29T14:58:54","slug":"axe-de-bielle-de-commande-de-levier-coudeur-reference-2","status":"publish","type":"product","link":"https:\/\/www.sams-industrie.fr\/en\/product\/axe-de-bielle-de-commande-de-levier-coudeur-reference-2\/","title":{"rendered":"Bending lever control rod shaft<br> Reference GD-001-087"},"content":{"rendered":"","protected":false},"excerpt":{"rendered":"<p>RAPIDEX Agrafeuse<br \/>\nR\u00e9f\u00e9rence constructeur : GD-001-087<br \/>\nR\u00e9f\u00e9rences \u00e9quivalentes : GD001087 \/ MGD001087 \/ RAPGD001087<\/p>","protected":false},"featured_media":11688,"comment_status":"open","ping_status":"closed","template":"","meta":[],"_links":{"self":[{"href":"https:\/\/www.sams-industrie.fr\/en\/wp-json\/wp\/v2\/product\/10705"}],"collection":[{"href":"https:\/\/www.sams-industrie.fr\/en\/wp-json\/wp\/v2\/product"}],"about":[{"href":"https:\/\/www.sams-industrie.fr\/en\/wp-json\/wp\/v2\/types\/product"}],"replies":[{"embeddable":true,"href":"https:\/\/www.sams-industrie.fr\/en\/wp-json\/wp\/v2\/comments?post=10705"}],"wp:featuredmedia":[{"embeddable":true,"href":"https:\/\/www.sams-industrie.fr\/en\/wp-json\/wp\/v2\/media\/11688"}],"wp:attachment":[{"href":"https:\/\/www.sams-industrie.fr\/en\/wp-json\/wp\/v2\/media?parent=10705"}],"curies":[{"name":"wp","href":"https:\/\/api.w.org\/{rel}","templated":true}]}}