{"id":10704,"date":"2025-02-05T10:00:48","date_gmt":"2025-02-05T09:00:48","guid":{"rendered":"https:\/\/www.sams-industrie.fr\/product\/bielle-de-commande-de-levier-de-coudeur-montee-reference\/"},"modified":"2025-02-19T12:02:04","modified_gmt":"2025-02-19T11:02:04","slug":"bielle-de-commande-de-levier-de-coudeur-montee-reference","status":"publish","type":"product","link":"https:\/\/www.sams-industrie.fr\/en\/product\/bielle-de-commande-de-levier-de-coudeur-montee-reference\/","title":{"rendered":"Mounted bender lever control rod<br> Reference SGD-001-084"},"content":{"rendered":"","protected":false},"excerpt":{"rendered":"<p>RAPIDEX Agrafeuse<br \/> R\u00e9f\u00e9rence constructeur : SGD-001-084<br \/> R\u00e9f\u00e9rences \u00e9quivalentes : SGD001084 \/ SGD001084 \/ SGD001084<\/p>","protected":false},"featured_media":0,"comment_status":"open","ping_status":"closed","template":"","meta":[],"_links":{"self":[{"href":"https:\/\/www.sams-industrie.fr\/en\/wp-json\/wp\/v2\/product\/10704"}],"collection":[{"href":"https:\/\/www.sams-industrie.fr\/en\/wp-json\/wp\/v2\/product"}],"about":[{"href":"https:\/\/www.sams-industrie.fr\/en\/wp-json\/wp\/v2\/types\/product"}],"replies":[{"embeddable":true,"href":"https:\/\/www.sams-industrie.fr\/en\/wp-json\/wp\/v2\/comments?post=10704"}],"wp:attachment":[{"href":"https:\/\/www.sams-industrie.fr\/en\/wp-json\/wp\/v2\/media?parent=10704"}],"curies":[{"name":"wp","href":"https:\/\/api.w.org\/{rel}","templated":true}]}}