{"id":10702,"date":"2025-02-05T10:00:47","date_gmt":"2025-02-05T09:00:47","guid":{"rendered":"https:\/\/www.sams-industrie.fr\/product\/axe-de-bielle-de-commande-de-levier-coudeur-reference\/"},"modified":"2026-03-03T16:30:09","modified_gmt":"2026-03-03T15:30:09","slug":"axe-de-bielle-de-commande-de-levier-coudeur-reference","status":"publish","type":"product","link":"https:\/\/www.sams-industrie.fr\/en\/product\/axe-de-bielle-de-commande-de-levier-coudeur-reference\/","title":{"rendered":"Bending lever control rod shaft<br> Reference GD-001-088"},"content":{"rendered":"","protected":false},"excerpt":{"rendered":"<p>RAPIDEX Agrafeuse<br \/>\nR\u00e9f\u00e9rence constructeur : GD-001-088<br \/>\nR\u00e9f\u00e9rences \u00e9quivalentes : GD001088 \/ MGD001088 \/ RAPGD001088<\/p>","protected":false},"featured_media":11778,"comment_status":"open","ping_status":"closed","template":"","meta":[],"_links":{"self":[{"href":"https:\/\/www.sams-industrie.fr\/en\/wp-json\/wp\/v2\/product\/10702"}],"collection":[{"href":"https:\/\/www.sams-industrie.fr\/en\/wp-json\/wp\/v2\/product"}],"about":[{"href":"https:\/\/www.sams-industrie.fr\/en\/wp-json\/wp\/v2\/types\/product"}],"replies":[{"embeddable":true,"href":"https:\/\/www.sams-industrie.fr\/en\/wp-json\/wp\/v2\/comments?post=10702"}],"wp:featuredmedia":[{"embeddable":true,"href":"https:\/\/www.sams-industrie.fr\/en\/wp-json\/wp\/v2\/media\/11778"}],"wp:attachment":[{"href":"https:\/\/www.sams-industrie.fr\/en\/wp-json\/wp\/v2\/media?parent=10702"}],"curies":[{"name":"wp","href":"https:\/\/api.w.org\/{rel}","templated":true}]}}