{"id":10701,"date":"2025-02-05T10:00:47","date_gmt":"2025-02-05T09:00:47","guid":{"rendered":"https:\/\/www.sams-industrie.fr\/product\/palier-dexcentrique-reference\/"},"modified":"2026-03-03T16:29:15","modified_gmt":"2026-03-03T15:29:15","slug":"palier-dexcentrique-reference","status":"publish","type":"product","link":"https:\/\/www.sams-industrie.fr\/en\/product\/palier-dexcentrique-reference\/","title":{"rendered":"Eccentric bearing<br> Reference GD-001-067"},"content":{"rendered":"","protected":false},"excerpt":{"rendered":"<p>RAPIDEX Agrafeuse<br \/>\nR\u00e9f\u00e9rence constructeur : GD-001-067<br \/>\nR\u00e9f\u00e9rences \u00e9quivalentes : GD001067 \/ MGD001067 \/ RAPGD001067<\/p>","protected":false},"featured_media":11777,"comment_status":"open","ping_status":"closed","template":"","meta":[],"_links":{"self":[{"href":"https:\/\/www.sams-industrie.fr\/en\/wp-json\/wp\/v2\/product\/10701"}],"collection":[{"href":"https:\/\/www.sams-industrie.fr\/en\/wp-json\/wp\/v2\/product"}],"about":[{"href":"https:\/\/www.sams-industrie.fr\/en\/wp-json\/wp\/v2\/types\/product"}],"replies":[{"embeddable":true,"href":"https:\/\/www.sams-industrie.fr\/en\/wp-json\/wp\/v2\/comments?post=10701"}],"wp:featuredmedia":[{"embeddable":true,"href":"https:\/\/www.sams-industrie.fr\/en\/wp-json\/wp\/v2\/media\/11777"}],"wp:attachment":[{"href":"https:\/\/www.sams-industrie.fr\/en\/wp-json\/wp\/v2\/media?parent=10701"}],"curies":[{"name":"wp","href":"https:\/\/api.w.org\/{rel}","templated":true}]}}