{"id":10699,"date":"2025-02-05T10:00:45","date_gmt":"2025-02-05T09:00:45","guid":{"rendered":"https:\/\/www.sams-industrie.fr\/product\/bielle-de-commande-reference-2\/"},"modified":"2025-10-29T15:56:49","modified_gmt":"2025-10-29T14:56:49","slug":"bielle-de-commande-reference-2","status":"publish","type":"product","link":"https:\/\/www.sams-industrie.fr\/en\/product\/bielle-de-commande-reference-2\/","title":{"rendered":"Control rod<br> Reference GD-001-086"},"content":{"rendered":"","protected":false},"excerpt":{"rendered":"<p>RAPIDEX Agrafeuse<br \/>\nR\u00e9f\u00e9rence constructeur : GD-001-086<br \/>\nR\u00e9f\u00e9rences \u00e9quivalentes : GD001086 \/ MGD001086 \/ RAPGD001086<\/p>","protected":false},"featured_media":11687,"comment_status":"open","ping_status":"closed","template":"","meta":[],"_links":{"self":[{"href":"https:\/\/www.sams-industrie.fr\/en\/wp-json\/wp\/v2\/product\/10699"}],"collection":[{"href":"https:\/\/www.sams-industrie.fr\/en\/wp-json\/wp\/v2\/product"}],"about":[{"href":"https:\/\/www.sams-industrie.fr\/en\/wp-json\/wp\/v2\/types\/product"}],"replies":[{"embeddable":true,"href":"https:\/\/www.sams-industrie.fr\/en\/wp-json\/wp\/v2\/comments?post=10699"}],"wp:featuredmedia":[{"embeddable":true,"href":"https:\/\/www.sams-industrie.fr\/en\/wp-json\/wp\/v2\/media\/11687"}],"wp:attachment":[{"href":"https:\/\/www.sams-industrie.fr\/en\/wp-json\/wp\/v2\/media?parent=10699"}],"curies":[{"name":"wp","href":"https:\/\/api.w.org\/{rel}","templated":true}]}}