{"id":10696,"date":"2025-02-05T10:00:44","date_gmt":"2025-02-05T09:00:44","guid":{"rendered":"https:\/\/www.sams-industrie.fr\/product\/bielle-intermediaire-reference\/"},"modified":"2026-03-03T16:27:16","modified_gmt":"2026-03-03T15:27:16","slug":"bielle-intermediaire-reference","status":"publish","type":"product","link":"https:\/\/www.sams-industrie.fr\/en\/product\/bielle-intermediaire-reference\/","title":{"rendered":"Intermediate connecting rod<br> Reference BG-015-816"},"content":{"rendered":"","protected":false},"excerpt":{"rendered":"<p>RAPIDEX Agrafeuse<br \/>\nR\u00e9f\u00e9rence constructeur : BG-015-816<br \/>\nR\u00e9f\u00e9rences \u00e9quivalentes : BG015816 \/ MBG015816 \/ RAPBG015816<\/p>","protected":false},"featured_media":11775,"comment_status":"open","ping_status":"closed","template":"","meta":[],"_links":{"self":[{"href":"https:\/\/www.sams-industrie.fr\/en\/wp-json\/wp\/v2\/product\/10696"}],"collection":[{"href":"https:\/\/www.sams-industrie.fr\/en\/wp-json\/wp\/v2\/product"}],"about":[{"href":"https:\/\/www.sams-industrie.fr\/en\/wp-json\/wp\/v2\/types\/product"}],"replies":[{"embeddable":true,"href":"https:\/\/www.sams-industrie.fr\/en\/wp-json\/wp\/v2\/comments?post=10696"}],"wp:featuredmedia":[{"embeddable":true,"href":"https:\/\/www.sams-industrie.fr\/en\/wp-json\/wp\/v2\/media\/11775"}],"wp:attachment":[{"href":"https:\/\/www.sams-industrie.fr\/en\/wp-json\/wp\/v2\/media?parent=10696"}],"curies":[{"name":"wp","href":"https:\/\/api.w.org\/{rel}","templated":true}]}}