{"id":10695,"date":"2025-02-05T10:00:43","date_gmt":"2025-02-05T09:00:43","guid":{"rendered":"https:\/\/www.sams-industrie.fr\/product\/bielle-avant-reference\/"},"modified":"2025-02-19T12:01:57","modified_gmt":"2025-02-19T11:01:57","slug":"bielle-avant-reference","status":"publish","type":"product","link":"https:\/\/www.sams-industrie.fr\/en\/product\/bielle-avant-reference\/","title":{"rendered":"Front connecting rod<br> Reference BG-015-815"},"content":{"rendered":"","protected":false},"excerpt":{"rendered":"<p>RAPIDEX Agrafeuse<br \/> R\u00e9f\u00e9rence constructeur : BG-015-815<br \/> R\u00e9f\u00e9rences \u00e9quivalentes : BG015815 \/ MBG015815 \/ RAPBG015815<\/p>","protected":false},"featured_media":0,"comment_status":"open","ping_status":"closed","template":"","meta":[],"_links":{"self":[{"href":"https:\/\/www.sams-industrie.fr\/en\/wp-json\/wp\/v2\/product\/10695"}],"collection":[{"href":"https:\/\/www.sams-industrie.fr\/en\/wp-json\/wp\/v2\/product"}],"about":[{"href":"https:\/\/www.sams-industrie.fr\/en\/wp-json\/wp\/v2\/types\/product"}],"replies":[{"embeddable":true,"href":"https:\/\/www.sams-industrie.fr\/en\/wp-json\/wp\/v2\/comments?post=10695"}],"wp:attachment":[{"href":"https:\/\/www.sams-industrie.fr\/en\/wp-json\/wp\/v2\/media?parent=10695"}],"curies":[{"name":"wp","href":"https:\/\/api.w.org\/{rel}","templated":true}]}}