{"id":10693,"date":"2025-02-05T10:00:42","date_gmt":"2025-02-05T09:00:42","guid":{"rendered":"https:\/\/www.sams-industrie.fr\/product\/bielle-de-commande-dexcentrique-reference-2\/"},"modified":"2025-10-29T15:55:42","modified_gmt":"2025-10-29T14:55:42","slug":"bielle-de-commande-dexcentrique-reference-2","status":"publish","type":"product","link":"https:\/\/www.sams-industrie.fr\/en\/product\/bielle-de-commande-dexcentrique-reference-2\/","title":{"rendered":"Eccentric control rod<br> Reference GD-001-063"},"content":{"rendered":"","protected":false},"excerpt":{"rendered":"<p>RAPIDEX Agrafeuse<br \/>\nR\u00e9f\u00e9rence constructeur : GD-001-063<br \/>\nR\u00e9f\u00e9rences \u00e9quivalentes : GD001063 \/ MGD001063 \/ RAPGD001063<\/p>","protected":false},"featured_media":11686,"comment_status":"open","ping_status":"closed","template":"","meta":[],"_links":{"self":[{"href":"https:\/\/www.sams-industrie.fr\/en\/wp-json\/wp\/v2\/product\/10693"}],"collection":[{"href":"https:\/\/www.sams-industrie.fr\/en\/wp-json\/wp\/v2\/product"}],"about":[{"href":"https:\/\/www.sams-industrie.fr\/en\/wp-json\/wp\/v2\/types\/product"}],"replies":[{"embeddable":true,"href":"https:\/\/www.sams-industrie.fr\/en\/wp-json\/wp\/v2\/comments?post=10693"}],"wp:featuredmedia":[{"embeddable":true,"href":"https:\/\/www.sams-industrie.fr\/en\/wp-json\/wp\/v2\/media\/11686"}],"wp:attachment":[{"href":"https:\/\/www.sams-industrie.fr\/en\/wp-json\/wp\/v2\/media?parent=10693"}],"curies":[{"name":"wp","href":"https:\/\/api.w.org\/{rel}","templated":true}]}}