{"id":10692,"date":"2025-02-05T10:00:41","date_gmt":"2025-02-05T09:00:41","guid":{"rendered":"https:\/\/www.sams-industrie.fr\/product\/bielle-de-commande-doscillation-reference\/"},"modified":"2026-03-03T16:26:15","modified_gmt":"2026-03-03T15:26:15","slug":"bielle-de-commande-doscillation-reference","status":"publish","type":"product","link":"https:\/\/www.sams-industrie.fr\/en\/product\/bielle-de-commande-doscillation-reference\/","title":{"rendered":"Oscillation control rod<br> Reference BG-014-012"},"content":{"rendered":"","protected":false},"excerpt":{"rendered":"<p>RAPIDEX Agrafeuse<br \/>\nR\u00e9f\u00e9rence constructeur : BG-014-012<br \/>\nR\u00e9f\u00e9rences \u00e9quivalentes : BG014012 \/ MBG014012 \/ RAPBG014012<\/p>","protected":false},"featured_media":11774,"comment_status":"open","ping_status":"closed","template":"","meta":[],"_links":{"self":[{"href":"https:\/\/www.sams-industrie.fr\/en\/wp-json\/wp\/v2\/product\/10692"}],"collection":[{"href":"https:\/\/www.sams-industrie.fr\/en\/wp-json\/wp\/v2\/product"}],"about":[{"href":"https:\/\/www.sams-industrie.fr\/en\/wp-json\/wp\/v2\/types\/product"}],"replies":[{"embeddable":true,"href":"https:\/\/www.sams-industrie.fr\/en\/wp-json\/wp\/v2\/comments?post=10692"}],"wp:featuredmedia":[{"embeddable":true,"href":"https:\/\/www.sams-industrie.fr\/en\/wp-json\/wp\/v2\/media\/11774"}],"wp:attachment":[{"href":"https:\/\/www.sams-industrie.fr\/en\/wp-json\/wp\/v2\/media?parent=10692"}],"curies":[{"name":"wp","href":"https:\/\/api.w.org\/{rel}","templated":true}]}}