{"id":10691,"date":"2025-02-05T10:00:41","date_gmt":"2025-02-05T09:00:41","guid":{"rendered":"https:\/\/www.sams-industrie.fr\/product\/bielle-de-commande-dexcentrique-reference\/"},"modified":"2025-10-29T15:54:35","modified_gmt":"2025-10-29T14:54:35","slug":"bielle-de-commande-dexcentrique-reference","status":"publish","type":"product","link":"https:\/\/www.sams-industrie.fr\/en\/product\/bielle-de-commande-dexcentrique-reference\/","title":{"rendered":"Eccentric control rod<br> Reference 3007-5-053"},"content":{"rendered":"","protected":false},"excerpt":{"rendered":"<p>RAPIDEX Agrafeuse<br \/>\nR\u00e9f\u00e9rence constructeur : 3007-5-053<br \/>\nR\u00e9f\u00e9rences \u00e9quivalentes : 30075053 \/ M30075053 \/ RAP30075053<\/p>","protected":false},"featured_media":11685,"comment_status":"open","ping_status":"closed","template":"","meta":[],"_links":{"self":[{"href":"https:\/\/www.sams-industrie.fr\/en\/wp-json\/wp\/v2\/product\/10691"}],"collection":[{"href":"https:\/\/www.sams-industrie.fr\/en\/wp-json\/wp\/v2\/product"}],"about":[{"href":"https:\/\/www.sams-industrie.fr\/en\/wp-json\/wp\/v2\/types\/product"}],"replies":[{"embeddable":true,"href":"https:\/\/www.sams-industrie.fr\/en\/wp-json\/wp\/v2\/comments?post=10691"}],"wp:featuredmedia":[{"embeddable":true,"href":"https:\/\/www.sams-industrie.fr\/en\/wp-json\/wp\/v2\/media\/11685"}],"wp:attachment":[{"href":"https:\/\/www.sams-industrie.fr\/en\/wp-json\/wp\/v2\/media?parent=10691"}],"curies":[{"name":"wp","href":"https:\/\/api.w.org\/{rel}","templated":true}]}}