{"id":10690,"date":"2025-02-05T10:00:40","date_gmt":"2025-02-05T09:00:40","guid":{"rendered":"https:\/\/www.sams-industrie.fr\/product\/bielle-de-commande-de-tete-reference\/"},"modified":"2025-02-19T12:01:54","modified_gmt":"2025-02-19T11:01:54","slug":"bielle-de-commande-de-tete-reference","status":"publish","type":"product","link":"https:\/\/www.sams-industrie.fr\/en\/product\/bielle-de-commande-de-tete-reference\/","title":{"rendered":"Head control rod<br> Reference GE-005-016"},"content":{"rendered":"","protected":false},"excerpt":{"rendered":"<p>RAPIDEX Agrafeuse<br \/> R\u00e9f\u00e9rence constructeur : GE-005-016<br \/> R\u00e9f\u00e9rences \u00e9quivalentes : GE005016 \/ MGE005016 \/ RAPGE005016<\/p>","protected":false},"featured_media":0,"comment_status":"open","ping_status":"closed","template":"","meta":[],"_links":{"self":[{"href":"https:\/\/www.sams-industrie.fr\/en\/wp-json\/wp\/v2\/product\/10690"}],"collection":[{"href":"https:\/\/www.sams-industrie.fr\/en\/wp-json\/wp\/v2\/product"}],"about":[{"href":"https:\/\/www.sams-industrie.fr\/en\/wp-json\/wp\/v2\/types\/product"}],"replies":[{"embeddable":true,"href":"https:\/\/www.sams-industrie.fr\/en\/wp-json\/wp\/v2\/comments?post=10690"}],"wp:attachment":[{"href":"https:\/\/www.sams-industrie.fr\/en\/wp-json\/wp\/v2\/media?parent=10690"}],"curies":[{"name":"wp","href":"https:\/\/api.w.org\/{rel}","templated":true}]}}