{"id":10689,"date":"2025-02-05T10:00:40","date_gmt":"2025-02-05T09:00:40","guid":{"rendered":"https:\/\/www.sams-industrie.fr\/product\/bielle-de-commande-de-goulotte-reference\/"},"modified":"2025-02-19T12:01:53","modified_gmt":"2025-02-19T11:01:53","slug":"bielle-de-commande-de-goulotte-reference","status":"publish","type":"product","link":"https:\/\/www.sams-industrie.fr\/en\/product\/bielle-de-commande-de-goulotte-reference\/","title":{"rendered":"Chute control rod<br> Reference GE-005-018"},"content":{"rendered":"","protected":false},"excerpt":{"rendered":"<p>RAPIDEX Agrafeuse<br \/> R\u00e9f\u00e9rence constructeur : GE-005-018<br \/> R\u00e9f\u00e9rences \u00e9quivalentes : GE005018 \/ MGE005018 \/ RAPGE005018<\/p>","protected":false},"featured_media":0,"comment_status":"open","ping_status":"closed","template":"","meta":[],"_links":{"self":[{"href":"https:\/\/www.sams-industrie.fr\/en\/wp-json\/wp\/v2\/product\/10689"}],"collection":[{"href":"https:\/\/www.sams-industrie.fr\/en\/wp-json\/wp\/v2\/product"}],"about":[{"href":"https:\/\/www.sams-industrie.fr\/en\/wp-json\/wp\/v2\/types\/product"}],"replies":[{"embeddable":true,"href":"https:\/\/www.sams-industrie.fr\/en\/wp-json\/wp\/v2\/comments?post=10689"}],"wp:attachment":[{"href":"https:\/\/www.sams-industrie.fr\/en\/wp-json\/wp\/v2\/media?parent=10689"}],"curies":[{"name":"wp","href":"https:\/\/api.w.org\/{rel}","templated":true}]}}