{"id":10688,"date":"2025-02-05T10:00:39","date_gmt":"2025-02-05T09:00:39","guid":{"rendered":"https:\/\/www.sams-industrie.fr\/product\/bielle-doscillation-reference\/"},"modified":"2025-10-29T15:53:43","modified_gmt":"2025-10-29T14:53:43","slug":"bielle-doscillation-reference","status":"publish","type":"product","link":"https:\/\/www.sams-industrie.fr\/en\/product\/bielle-doscillation-reference\/","title":{"rendered":"Swing rod<br> Reference 3007-5-057"},"content":{"rendered":"","protected":false},"excerpt":{"rendered":"<p>RAPIDEX Agrafeuse<br \/>\nR\u00e9f\u00e9rence constructeur : 3007-5-057<br \/>\nR\u00e9f\u00e9rences \u00e9quivalentes : 30075057 \/ M30075057 \/ RAP30075057<\/p>","protected":false},"featured_media":11684,"comment_status":"open","ping_status":"closed","template":"","meta":[],"_links":{"self":[{"href":"https:\/\/www.sams-industrie.fr\/en\/wp-json\/wp\/v2\/product\/10688"}],"collection":[{"href":"https:\/\/www.sams-industrie.fr\/en\/wp-json\/wp\/v2\/product"}],"about":[{"href":"https:\/\/www.sams-industrie.fr\/en\/wp-json\/wp\/v2\/types\/product"}],"replies":[{"embeddable":true,"href":"https:\/\/www.sams-industrie.fr\/en\/wp-json\/wp\/v2\/comments?post=10688"}],"wp:featuredmedia":[{"embeddable":true,"href":"https:\/\/www.sams-industrie.fr\/en\/wp-json\/wp\/v2\/media\/11684"}],"wp:attachment":[{"href":"https:\/\/www.sams-industrie.fr\/en\/wp-json\/wp\/v2\/media?parent=10688"}],"curies":[{"name":"wp","href":"https:\/\/api.w.org\/{rel}","templated":true}]}}