{"id":10687,"date":"2025-02-05T10:00:38","date_gmt":"2025-02-05T09:00:38","guid":{"rendered":"https:\/\/www.sams-industrie.fr\/product\/arbre-levier-reference\/"},"modified":"2026-03-03T16:18:18","modified_gmt":"2026-03-03T15:18:18","slug":"arbre-levier-reference","status":"publish","type":"product","link":"https:\/\/www.sams-industrie.fr\/en\/product\/arbre-levier-reference\/","title":{"rendered":"Lever tree<br> Reference 3007-5-035"},"content":{"rendered":"","protected":false},"excerpt":{"rendered":"<p>RAPIDEX Agrafeuse<br \/>\nR\u00e9f\u00e9rence constructeur : 3007-5-035<br \/>\nR\u00e9f\u00e9rences \u00e9quivalentes : 30075035 \/ M30075035 \/ RAP30075035<\/p>","protected":false},"featured_media":11773,"comment_status":"open","ping_status":"closed","template":"","meta":[],"_links":{"self":[{"href":"https:\/\/www.sams-industrie.fr\/en\/wp-json\/wp\/v2\/product\/10687"}],"collection":[{"href":"https:\/\/www.sams-industrie.fr\/en\/wp-json\/wp\/v2\/product"}],"about":[{"href":"https:\/\/www.sams-industrie.fr\/en\/wp-json\/wp\/v2\/types\/product"}],"replies":[{"embeddable":true,"href":"https:\/\/www.sams-industrie.fr\/en\/wp-json\/wp\/v2\/comments?post=10687"}],"wp:featuredmedia":[{"embeddable":true,"href":"https:\/\/www.sams-industrie.fr\/en\/wp-json\/wp\/v2\/media\/11773"}],"wp:attachment":[{"href":"https:\/\/www.sams-industrie.fr\/en\/wp-json\/wp\/v2\/media?parent=10687"}],"curies":[{"name":"wp","href":"https:\/\/api.w.org\/{rel}","templated":true}]}}