{"id":10686,"date":"2025-02-05T10:00:38","date_gmt":"2025-02-05T09:00:38","guid":{"rendered":"https:\/\/www.sams-industrie.fr\/product\/axe-de-levier-damplitude-reference\/"},"modified":"2025-02-19T12:01:51","modified_gmt":"2025-02-19T11:01:51","slug":"axe-de-levier-damplitude-reference","status":"publish","type":"product","link":"https:\/\/www.sams-industrie.fr\/en\/product\/axe-de-levier-damplitude-reference\/","title":{"rendered":"Axis of amplitude<br> Reference GD-201-141"},"content":{"rendered":"","protected":false},"excerpt":{"rendered":"<p>RAPIDEX Agrafeuse<br \/> R\u00e9f\u00e9rence constructeur : GD-201-141<br \/> R\u00e9f\u00e9rences \u00e9quivalentes : GD201141 \/ MGD201141 \/ RAPGD201141<\/p>","protected":false},"featured_media":0,"comment_status":"open","ping_status":"closed","template":"","meta":[],"_links":{"self":[{"href":"https:\/\/www.sams-industrie.fr\/en\/wp-json\/wp\/v2\/product\/10686"}],"collection":[{"href":"https:\/\/www.sams-industrie.fr\/en\/wp-json\/wp\/v2\/product"}],"about":[{"href":"https:\/\/www.sams-industrie.fr\/en\/wp-json\/wp\/v2\/types\/product"}],"replies":[{"embeddable":true,"href":"https:\/\/www.sams-industrie.fr\/en\/wp-json\/wp\/v2\/comments?post=10686"}],"wp:attachment":[{"href":"https:\/\/www.sams-industrie.fr\/en\/wp-json\/wp\/v2\/media?parent=10686"}],"curies":[{"name":"wp","href":"https:\/\/api.w.org\/{rel}","templated":true}]}}