{"id":10685,"date":"2025-02-05T10:00:37","date_gmt":"2025-02-05T09:00:37","guid":{"rendered":"https:\/\/www.sams-industrie.fr\/product\/axe-dexcentration-reference\/"},"modified":"2025-10-29T15:52:44","modified_gmt":"2025-10-29T14:52:44","slug":"axe-dexcentration-reference","status":"publish","type":"product","link":"https:\/\/www.sams-industrie.fr\/en\/product\/axe-dexcentration-reference\/","title":{"rendered":"Eccentric axis<br> Reference 3007-5-050"},"content":{"rendered":"","protected":false},"excerpt":{"rendered":"<p>RAPIDEX Agrafeuse<br \/>\nR\u00e9f\u00e9rence constructeur : 3007-5-050<br \/>\nR\u00e9f\u00e9rences \u00e9quivalentes : 30075050 \/ M30075050 \/ RAP30075050<\/p>","protected":false},"featured_media":11683,"comment_status":"open","ping_status":"closed","template":"","meta":[],"_links":{"self":[{"href":"https:\/\/www.sams-industrie.fr\/en\/wp-json\/wp\/v2\/product\/10685"}],"collection":[{"href":"https:\/\/www.sams-industrie.fr\/en\/wp-json\/wp\/v2\/product"}],"about":[{"href":"https:\/\/www.sams-industrie.fr\/en\/wp-json\/wp\/v2\/types\/product"}],"replies":[{"embeddable":true,"href":"https:\/\/www.sams-industrie.fr\/en\/wp-json\/wp\/v2\/comments?post=10685"}],"wp:featuredmedia":[{"embeddable":true,"href":"https:\/\/www.sams-industrie.fr\/en\/wp-json\/wp\/v2\/media\/11683"}],"wp:attachment":[{"href":"https:\/\/www.sams-industrie.fr\/en\/wp-json\/wp\/v2\/media?parent=10685"}],"curies":[{"name":"wp","href":"https:\/\/api.w.org\/{rel}","templated":true}]}}