{"id":10684,"date":"2025-02-05T10:00:37","date_gmt":"2025-02-05T09:00:37","guid":{"rendered":"https:\/\/www.sams-industrie.fr\/product\/vis-de-reglage-reference\/"},"modified":"2025-10-29T15:51:58","modified_gmt":"2025-10-29T14:51:58","slug":"vis-de-reglage-reference","status":"publish","type":"product","link":"https:\/\/www.sams-industrie.fr\/en\/product\/vis-de-reglage-reference\/","title":{"rendered":"Adjustment screw<br> Reference GD-001-081"},"content":{"rendered":"","protected":false},"excerpt":{"rendered":"<p>RAPIDEX Agrafeuse<br \/>\nR\u00e9f\u00e9rence constructeur : GD-001-081<br \/>\nR\u00e9f\u00e9rences \u00e9quivalentes : GD001081 \/ MGD001081 \/ RAPGD001081<\/p>","protected":false},"featured_media":11682,"comment_status":"open","ping_status":"closed","template":"","meta":[],"_links":{"self":[{"href":"https:\/\/www.sams-industrie.fr\/en\/wp-json\/wp\/v2\/product\/10684"}],"collection":[{"href":"https:\/\/www.sams-industrie.fr\/en\/wp-json\/wp\/v2\/product"}],"about":[{"href":"https:\/\/www.sams-industrie.fr\/en\/wp-json\/wp\/v2\/types\/product"}],"replies":[{"embeddable":true,"href":"https:\/\/www.sams-industrie.fr\/en\/wp-json\/wp\/v2\/comments?post=10684"}],"wp:featuredmedia":[{"embeddable":true,"href":"https:\/\/www.sams-industrie.fr\/en\/wp-json\/wp\/v2\/media\/11682"}],"wp:attachment":[{"href":"https:\/\/www.sams-industrie.fr\/en\/wp-json\/wp\/v2\/media?parent=10684"}],"curies":[{"name":"wp","href":"https:\/\/api.w.org\/{rel}","templated":true}]}}