{"id":10680,"date":"2025-02-05T10:00:32","date_gmt":"2025-02-05T09:00:32","guid":{"rendered":"https:\/\/www.sams-industrie.fr\/product\/rondelle-reglage-excentrique-reference\/"},"modified":"2026-03-03T16:17:03","modified_gmt":"2026-03-03T15:17:03","slug":"rondelle-reglage-excentrique-reference","status":"publish","type":"product","link":"https:\/\/www.sams-industrie.fr\/en\/product\/rondelle-reglage-excentrique-reference\/","title":{"rendered":"Eccentric adjustment washer<br> Reference 3007-5-040"},"content":{"rendered":"","protected":false},"excerpt":{"rendered":"<p>RAPIDEX Agrafeuse<br \/>\nR\u00e9f\u00e9rence constructeur : 3007-5-040<br \/>\nR\u00e9f\u00e9rences \u00e9quivalentes : 30075040 \/ M30075040 \/ RAP30075040<\/p>","protected":false},"featured_media":11772,"comment_status":"open","ping_status":"closed","template":"","meta":[],"_links":{"self":[{"href":"https:\/\/www.sams-industrie.fr\/en\/wp-json\/wp\/v2\/product\/10680"}],"collection":[{"href":"https:\/\/www.sams-industrie.fr\/en\/wp-json\/wp\/v2\/product"}],"about":[{"href":"https:\/\/www.sams-industrie.fr\/en\/wp-json\/wp\/v2\/types\/product"}],"replies":[{"embeddable":true,"href":"https:\/\/www.sams-industrie.fr\/en\/wp-json\/wp\/v2\/comments?post=10680"}],"wp:featuredmedia":[{"embeddable":true,"href":"https:\/\/www.sams-industrie.fr\/en\/wp-json\/wp\/v2\/media\/11772"}],"wp:attachment":[{"href":"https:\/\/www.sams-industrie.fr\/en\/wp-json\/wp\/v2\/media?parent=10680"}],"curies":[{"name":"wp","href":"https:\/\/api.w.org\/{rel}","templated":true}]}}