{"id":10679,"date":"2025-02-05T10:00:31","date_gmt":"2025-02-05T09:00:31","guid":{"rendered":"https:\/\/www.sams-industrie.fr\/product\/verrouillage-reference\/"},"modified":"2025-02-19T12:01:44","modified_gmt":"2025-02-19T11:01:44","slug":"verrouillage-reference","status":"publish","type":"product","link":"https:\/\/www.sams-industrie.fr\/en\/product\/verrouillage-reference\/","title":{"rendered":"Lockdown<br> Reference R-8.5-20-3"},"content":{"rendered":"","protected":false},"excerpt":{"rendered":"<p>RAPIDEX DR2<br \/> R\u00e9f\u00e9rence constructeur : R-8.5-20-3<br \/> R\u00e9f\u00e9rences \u00e9quivalentes : R85203 \/ MR85203 \/ RAPR85203<\/p>","protected":false},"featured_media":0,"comment_status":"open","ping_status":"closed","template":"","meta":[],"_links":{"self":[{"href":"https:\/\/www.sams-industrie.fr\/en\/wp-json\/wp\/v2\/product\/10679"}],"collection":[{"href":"https:\/\/www.sams-industrie.fr\/en\/wp-json\/wp\/v2\/product"}],"about":[{"href":"https:\/\/www.sams-industrie.fr\/en\/wp-json\/wp\/v2\/types\/product"}],"replies":[{"embeddable":true,"href":"https:\/\/www.sams-industrie.fr\/en\/wp-json\/wp\/v2\/comments?post=10679"}],"wp:attachment":[{"href":"https:\/\/www.sams-industrie.fr\/en\/wp-json\/wp\/v2\/media?parent=10679"}],"curies":[{"name":"wp","href":"https:\/\/api.w.org\/{rel}","templated":true}]}}