{"id":10678,"date":"2025-02-05T10:00:31","date_gmt":"2025-02-05T09:00:31","guid":{"rendered":"https:\/\/www.sams-industrie.fr\/product\/ressort-de-bobine-reference\/"},"modified":"2025-02-19T12:01:43","modified_gmt":"2025-02-19T11:01:43","slug":"ressort-de-bobine-reference","status":"publish","type":"product","link":"https:\/\/www.sams-industrie.fr\/en\/product\/ressort-de-bobine-reference\/","title":{"rendered":"Coil spring<br> Reference RC-127"},"content":{"rendered":"","protected":false},"excerpt":{"rendered":"<p>RAPIDEX DR2<br \/> R\u00e9f\u00e9rence constructeur : RC-127 <br \/> R\u00e9f\u00e9rences \u00e9quivalentes : RC127 \/ MRC127 \/ RAPRC127<\/p>","protected":false},"featured_media":0,"comment_status":"open","ping_status":"closed","template":"","meta":[],"_links":{"self":[{"href":"https:\/\/www.sams-industrie.fr\/en\/wp-json\/wp\/v2\/product\/10678"}],"collection":[{"href":"https:\/\/www.sams-industrie.fr\/en\/wp-json\/wp\/v2\/product"}],"about":[{"href":"https:\/\/www.sams-industrie.fr\/en\/wp-json\/wp\/v2\/types\/product"}],"replies":[{"embeddable":true,"href":"https:\/\/www.sams-industrie.fr\/en\/wp-json\/wp\/v2\/comments?post=10678"}],"wp:attachment":[{"href":"https:\/\/www.sams-industrie.fr\/en\/wp-json\/wp\/v2\/media?parent=10678"}],"curies":[{"name":"wp","href":"https:\/\/api.w.org\/{rel}","templated":true}]}}